{"id":141,"date":"2025-07-09T16:55:59","date_gmt":"2025-07-09T14:55:59","guid":{"rendered":"https:\/\/groupetrianon.fr\/?page_id=141"},"modified":"2025-10-07T18:35:40","modified_gmt":"2025-10-07T16:35:40","slug":"project-support","status":"publish","type":"page","link":"https:\/\/groupetrianon.fr\/en\/project-support\/","title":{"rendered":"Project support"},"content":{"rendered":"\t\t<div data-elementor-type=\"wp-page\" data-elementor-id=\"141\" class=\"elementor elementor-141\" data-elementor-post-type=\"page\">\n\t\t\t\t<div class=\"elementor-element elementor-element-6c12513 e-flex e-con-boxed e-con e-parent\" data-id=\"6c12513\" data-element_type=\"container\" data-settings=\"{&quot;background_background&quot;:&quot;classic&quot;}\">\n\t\t\t\t\t<div class=\"e-con-inner\">\n\t\t\t\t<div class=\"elementor-element elementor-element-99d8fd5 elementor-widget elementor-widget-heading\" data-id=\"99d8fd5\" data-element_type=\"widget\" data-widget_type=\"heading.default\">\n\t\t\t\t\t<h1 class=\"elementor-heading-title elementor-size-default\">Accompagnement projet\n<\/h1>\t\t\t\t<\/div>\n\t\t\t\t\t<\/div>\n\t\t\t\t<\/div>\n\t\t<div class=\"elementor-element elementor-element-08d9988 e-con-full e-flex e-con e-parent\" data-id=\"08d9988\" data-element_type=\"container\">\n\t\t<div class=\"elementor-element elementor-element-16564a4 e-flex e-con-boxed e-con e-child\" data-id=\"16564a4\" data-element_type=\"container\">\n\t\t\t\t\t<div class=\"e-con-inner\">\n\t\t\t\t<div class=\"elementor-element elementor-element-69a728e elementor-widget elementor-widget-heading\" data-id=\"69a728e\" data-element_type=\"widget\" data-widget_type=\"heading.default\">\n\t\t\t\t\t<h2 class=\"elementor-heading-title elementor-size-default\">Nous assistons vos projets<\/h2>\t\t\t\t<\/div>\n\t\t\t\t<div class=\"elementor-element elementor-element-e361df3 elementor-widget elementor-widget-text-editor\" data-id=\"e361df3\" data-element_type=\"widget\" data-widget_type=\"text-editor.default\">\n\t\t\t\t\t\t\t\t\t<p>Nous accompagnons les propri\u00e9taires et investisseurs dans la valorisation de leurs biens en leur proposant des solutions sur-mesure, avec tout ou partie des missions ci-dessous\u00a0:<\/p>\t\t\t\t\t\t\t\t<\/div>\n\t\t\t\t\t<\/div>\n\t\t\t\t<\/div>\n\t\t\t\t<\/div>\n\t\t<div class=\"elementor-element elementor-element-21de06b e-con-full e-flex e-con e-parent\" data-id=\"21de06b\" data-element_type=\"container\">\n\t\t<div class=\"elementor-element elementor-element-3cbf02c e-con-full e-flex e-con e-child\" data-id=\"3cbf02c\" data-element_type=\"container\">\n\t\t<div class=\"elementor-element elementor-element-d7fd159 e-con-full e-flex e-con e-child\" data-id=\"d7fd159\" data-element_type=\"container\">\n\t\t\t\t<div class=\"elementor-element elementor-element-45d6035 elementor-widget elementor-widget-heading\" data-id=\"45d6035\" data-element_type=\"widget\" data-widget_type=\"heading.default\">\n\t\t\t\t\t<h2 class=\"elementor-heading-title elementor-size-default\">Etude de faisabilit\u00e9<\/h2>\t\t\t\t<\/div>\n\t\t\t\t<div class=\"elementor-element elementor-element-30f97f8 elementor-widget elementor-widget-text-editor\" data-id=\"30f97f8\" data-element_type=\"widget\" data-widget_type=\"text-editor.default\">\n\t\t\t\t\t\t\t\t\t<p>Nous analysons le potentiel de votre bien en tenant compte des aspects techniques, juridiques et financiers. Cette \u00e9tape permet de valider la rentabilit\u00e9 et la faisabilit\u00e9 de votre projet avant tout engagement.<\/p>\t\t\t\t\t\t\t\t<\/div>\n\t\t\t\t<\/div>\n\t\t\t\t<\/div>\n\t\t<div class=\"elementor-element elementor-element-5c77f75 e-con-full e-flex e-con e-child\" data-id=\"5c77f75\" data-element_type=\"container\" data-settings=\"{&quot;background_motion_fx_scale_effect&quot;:&quot;yes&quot;,&quot;background_motion_fx_scale_direction&quot;:&quot;in-out&quot;,&quot;background_motion_fx_scale_speed&quot;:{&quot;unit&quot;:&quot;px&quot;,&quot;size&quot;:2,&quot;sizes&quot;:[]},&quot;background_motion_fx_scale_range&quot;:{&quot;unit&quot;:&quot;%&quot;,&quot;size&quot;:&quot;&quot;,&quot;sizes&quot;:{&quot;start&quot;:1,&quot;end&quot;:100}},&quot;background_motion_fx_devices&quot;:[&quot;desktop&quot;,&quot;tablet&quot;,&quot;mobile&quot;]}\">\n\t\t\t\t<div class=\"elementor-element elementor-element-7ad2a65 elementor-widget elementor-widget-image\" data-id=\"7ad2a65\" data-element_type=\"widget\" data-widget_type=\"image.default\">\n\t\t\t\t\t\t\t\t\t\t\t\t\t\t\t<img fetchpriority=\"high\" decoding=\"async\" width=\"2000\" height=\"2054\" src=\"https:\/\/groupetrianon.fr\/wp-content\/uploads\/2025\/08\/plan-archi-2.jpg\" class=\"attachment-full size-full wp-image-330\" alt=\"\" srcset=\"https:\/\/groupetrianon.fr\/wp-content\/uploads\/2025\/08\/plan-archi-2.jpg 2000w, https:\/\/groupetrianon.fr\/wp-content\/uploads\/2025\/08\/plan-archi-2-292x300.jpg 292w, https:\/\/groupetrianon.fr\/wp-content\/uploads\/2025\/08\/plan-archi-2-997x1024.jpg 997w, https:\/\/groupetrianon.fr\/wp-content\/uploads\/2025\/08\/plan-archi-2-768x789.jpg 768w, https:\/\/groupetrianon.fr\/wp-content\/uploads\/2025\/08\/plan-archi-2-1496x1536.jpg 1496w, https:\/\/groupetrianon.fr\/wp-content\/uploads\/2025\/08\/plan-archi-2-1994x2048.jpg 1994w\" sizes=\"(max-width: 2000px) 100vw, 2000px\" \/>\t\t\t\t\t\t\t\t\t\t\t\t\t\t\t<\/div>\n\t\t\t\t<\/div>\n\t\t\t\t<\/div>\n\t\t<div class=\"elementor-element elementor-element-1ee08f9 e-con-full e-flex e-con e-parent\" data-id=\"1ee08f9\" data-element_type=\"container\">\n\t\t<div class=\"elementor-element elementor-element-aa6e4a1 e-con-full e-flex e-con e-child\" data-id=\"aa6e4a1\" data-element_type=\"container\" data-settings=\"{&quot;background_motion_fx_scale_effect&quot;:&quot;yes&quot;,&quot;background_motion_fx_scale_direction&quot;:&quot;in-out&quot;,&quot;background_motion_fx_scale_speed&quot;:{&quot;unit&quot;:&quot;px&quot;,&quot;size&quot;:2,&quot;sizes&quot;:[]},&quot;background_motion_fx_scale_range&quot;:{&quot;unit&quot;:&quot;%&quot;,&quot;size&quot;:&quot;&quot;,&quot;sizes&quot;:{&quot;start&quot;:1,&quot;end&quot;:100}},&quot;background_motion_fx_devices&quot;:[&quot;desktop&quot;,&quot;tablet&quot;,&quot;mobile&quot;]}\">\n\t\t\t\t<div class=\"elementor-element elementor-element-85ef606 elementor-widget elementor-widget-image\" data-id=\"85ef606\" data-element_type=\"widget\" data-widget_type=\"image.default\">\n\t\t\t\t\t\t\t\t\t\t\t\t\t\t\t<img decoding=\"async\" width=\"800\" height=\"450\" src=\"https:\/\/groupetrianon.fr\/wp-content\/uploads\/2025\/10\/business-team-meeting-present-investor-colleagues-consultation-and-conference-new-strategy-plan-business-and-market-growth-on-financial-document-graph-report-meeting-and-talking-free-video-1024x576.jpg\" class=\"attachment-large size-large wp-image-756\" alt=\"\" srcset=\"https:\/\/groupetrianon.fr\/wp-content\/uploads\/2025\/10\/business-team-meeting-present-investor-colleagues-consultation-and-conference-new-strategy-plan-business-and-market-growth-on-financial-document-graph-report-meeting-and-talking-free-video-1024x576.jpg 1024w, https:\/\/groupetrianon.fr\/wp-content\/uploads\/2025\/10\/business-team-meeting-present-investor-colleagues-consultation-and-conference-new-strategy-plan-business-and-market-growth-on-financial-document-graph-report-meeting-and-talking-free-video-300x169.jpg 300w, https:\/\/groupetrianon.fr\/wp-content\/uploads\/2025\/10\/business-team-meeting-present-investor-colleagues-consultation-and-conference-new-strategy-plan-business-and-market-growth-on-financial-document-graph-report-meeting-and-talking-free-video-768x432.jpg 768w, https:\/\/groupetrianon.fr\/wp-content\/uploads\/2025\/10\/business-team-meeting-present-investor-colleagues-consultation-and-conference-new-strategy-plan-business-and-market-growth-on-financial-document-graph-report-meeting-and-talking-free-video-1536x864.jpg 1536w, https:\/\/groupetrianon.fr\/wp-content\/uploads\/2025\/10\/business-team-meeting-present-investor-colleagues-consultation-and-conference-new-strategy-plan-business-and-market-growth-on-financial-document-graph-report-meeting-and-talking-free-video-18x10.jpg 18w, https:\/\/groupetrianon.fr\/wp-content\/uploads\/2025\/10\/business-team-meeting-present-investor-colleagues-consultation-and-conference-new-strategy-plan-business-and-market-growth-on-financial-document-graph-report-meeting-and-talking-free-video.jpg 1920w\" sizes=\"(max-width: 800px) 100vw, 800px\" \/>\t\t\t\t\t\t\t\t\t\t\t\t\t\t\t<\/div>\n\t\t\t\t<\/div>\n\t\t<div class=\"elementor-element elementor-element-64e73fb e-con-full e-flex e-con e-child\" data-id=\"64e73fb\" data-element_type=\"container\">\n\t\t<div class=\"elementor-element elementor-element-331ede9 e-con-full e-flex e-con e-child\" data-id=\"331ede9\" data-element_type=\"container\">\n\t\t\t\t<div class=\"elementor-element elementor-element-bd9565d elementor-widget elementor-widget-heading\" data-id=\"bd9565d\" data-element_type=\"widget\" data-widget_type=\"heading.default\">\n\t\t\t\t\t<h2 class=\"elementor-heading-title elementor-size-default\">Pr\u00e9visionnel Financier<\/h2>\t\t\t\t<\/div>\n\t\t\t\t<div class=\"elementor-element elementor-element-1ebfa72 elementor-widget elementor-widget-text-editor\" data-id=\"1ebfa72\" data-element_type=\"widget\" data-widget_type=\"text-editor.default\">\n\t\t\t\t\t\t\t\t\t<p>Nous r\u00e9alisons un pr\u00e9visionnel financier pr\u00e9cis, int\u00e9grant le co\u00fbt d\u2019acquisition, les travaux, les frais annexes et la valorisation attendue, afin d\u2019optimiser la rentabilit\u00e9 de votre investissement.<\/p>\t\t\t\t\t\t\t\t<\/div>\n\t\t\t\t<\/div>\n\t\t\t\t<\/div>\n\t\t\t\t<\/div>\n\t\t<div class=\"elementor-element elementor-element-41114ab e-con-full e-flex e-con e-parent\" data-id=\"41114ab\" data-element_type=\"container\">\n\t\t<div class=\"elementor-element elementor-element-ae941c0 e-con-full e-flex e-con e-child\" data-id=\"ae941c0\" data-element_type=\"container\">\n\t\t<div class=\"elementor-element elementor-element-8d3c08c e-con-full e-flex e-con e-child\" data-id=\"8d3c08c\" data-element_type=\"container\">\n\t\t\t\t<div class=\"elementor-element elementor-element-d07b43e elementor-widget elementor-widget-heading\" data-id=\"d07b43e\" data-element_type=\"widget\" data-widget_type=\"heading.default\">\n\t\t\t\t\t<h2 class=\"elementor-heading-title elementor-size-default\">Dossier bancaire<\/h2>\t\t\t\t<\/div>\n\t\t\t\t<div class=\"elementor-element elementor-element-b1ea4fd elementor-widget elementor-widget-text-editor\" data-id=\"b1ea4fd\" data-element_type=\"widget\" data-widget_type=\"text-editor.default\">\n\t\t\t\t\t\t\t\t\tNous vous accompagnons dans la constitution d\u2019un dossier solide pour obtenir un financement aupr\u00e8s des \u00e9tablissements bancaires, en r\u00e9digeant un dossier de pr\u00e9sentation et en mettant en avant les atouts cl\u00e9s de votre projet.\t\t\t\t\t\t\t\t<\/div>\n\t\t\t\t<\/div>\n\t\t\t\t<\/div>\n\t\t<div class=\"elementor-element elementor-element-ebd5af1 e-con-full e-flex e-con e-child\" data-id=\"ebd5af1\" data-element_type=\"container\" data-settings=\"{&quot;background_motion_fx_scale_effect&quot;:&quot;yes&quot;,&quot;background_motion_fx_scale_direction&quot;:&quot;in-out&quot;,&quot;background_motion_fx_scale_speed&quot;:{&quot;unit&quot;:&quot;px&quot;,&quot;size&quot;:2,&quot;sizes&quot;:[]},&quot;background_motion_fx_scale_range&quot;:{&quot;unit&quot;:&quot;%&quot;,&quot;size&quot;:&quot;&quot;,&quot;sizes&quot;:{&quot;start&quot;:1,&quot;end&quot;:100}},&quot;background_motion_fx_devices&quot;:[&quot;desktop&quot;,&quot;tablet&quot;,&quot;mobile&quot;]}\">\n\t\t\t\t<div class=\"elementor-element elementor-element-96537b9 elementor-widget elementor-widget-image\" data-id=\"96537b9\" data-element_type=\"widget\" data-widget_type=\"image.default\">\n\t\t\t\t\t\t\t\t\t\t\t\t\t\t\t<img decoding=\"async\" width=\"800\" height=\"998\" src=\"https:\/\/groupetrianon.fr\/wp-content\/uploads\/2025\/08\/financier-2-821x1024.jpg\" class=\"attachment-large size-large wp-image-331\" alt=\"\" srcset=\"https:\/\/groupetrianon.fr\/wp-content\/uploads\/2025\/08\/financier-2-821x1024.jpg 821w, https:\/\/groupetrianon.fr\/wp-content\/uploads\/2025\/08\/financier-2-240x300.jpg 240w, https:\/\/groupetrianon.fr\/wp-content\/uploads\/2025\/08\/financier-2-768x958.jpg 768w, https:\/\/groupetrianon.fr\/wp-content\/uploads\/2025\/08\/financier-2-1231x1536.jpg 1231w, https:\/\/groupetrianon.fr\/wp-content\/uploads\/2025\/08\/financier-2.jpg 1320w\" sizes=\"(max-width: 800px) 100vw, 800px\" \/>\t\t\t\t\t\t\t\t\t\t\t\t\t\t\t<\/div>\n\t\t\t\t<\/div>\n\t\t\t\t<\/div>\n\t\t<div class=\"elementor-element elementor-element-c88d002 e-con-full e-flex e-con e-parent\" data-id=\"c88d002\" data-element_type=\"container\">\n\t\t<div class=\"elementor-element elementor-element-fd9e1f2 e-con-full e-flex e-con e-child\" data-id=\"fd9e1f2\" data-element_type=\"container\" data-settings=\"{&quot;background_motion_fx_scale_effect&quot;:&quot;yes&quot;,&quot;background_motion_fx_scale_direction&quot;:&quot;in-out&quot;,&quot;background_motion_fx_scale_speed&quot;:{&quot;unit&quot;:&quot;px&quot;,&quot;size&quot;:2,&quot;sizes&quot;:[]},&quot;background_motion_fx_scale_range&quot;:{&quot;unit&quot;:&quot;%&quot;,&quot;size&quot;:&quot;&quot;,&quot;sizes&quot;:{&quot;start&quot;:1,&quot;end&quot;:100}},&quot;background_motion_fx_devices&quot;:[&quot;desktop&quot;,&quot;tablet&quot;,&quot;mobile&quot;]}\">\n\t\t\t\t<div class=\"elementor-element elementor-element-1c6d145 elementor-widget elementor-widget-image\" data-id=\"1c6d145\" data-element_type=\"widget\" data-widget_type=\"image.default\">\n\t\t\t\t\t\t\t\t\t\t\t\t\t\t\t<img loading=\"lazy\" decoding=\"async\" width=\"683\" height=\"1024\" src=\"https:\/\/groupetrianon.fr\/wp-content\/uploads\/2025\/08\/dossier-2-683x1024.jpg\" class=\"attachment-large size-large wp-image-332\" alt=\"\" srcset=\"https:\/\/groupetrianon.fr\/wp-content\/uploads\/2025\/08\/dossier-2-683x1024.jpg 683w, https:\/\/groupetrianon.fr\/wp-content\/uploads\/2025\/08\/dossier-2-200x300.jpg 200w, https:\/\/groupetrianon.fr\/wp-content\/uploads\/2025\/08\/dossier-2-768x1152.jpg 768w, https:\/\/groupetrianon.fr\/wp-content\/uploads\/2025\/08\/dossier-2-1024x1536.jpg 1024w, https:\/\/groupetrianon.fr\/wp-content\/uploads\/2025\/08\/dossier-2-1365x2048.jpg 1365w, https:\/\/groupetrianon.fr\/wp-content\/uploads\/2025\/08\/dossier-2-scaled.jpg 1707w\" sizes=\"(max-width: 683px) 100vw, 683px\" \/>\t\t\t\t\t\t\t\t\t\t\t\t\t\t\t<\/div>\n\t\t\t\t<\/div>\n\t\t<div class=\"elementor-element elementor-element-ae5c409 e-con-full e-flex e-con e-child\" data-id=\"ae5c409\" data-element_type=\"container\">\n\t\t<div class=\"elementor-element elementor-element-e91210b e-con-full e-flex e-con e-child\" data-id=\"e91210b\" data-element_type=\"container\">\n\t\t\t\t<div class=\"elementor-element elementor-element-32897ae elementor-widget elementor-widget-heading\" data-id=\"32897ae\" data-element_type=\"widget\" data-widget_type=\"heading.default\">\n\t\t\t\t\t<h2 class=\"elementor-heading-title elementor-size-default\">Choix des intervenants de l\u2019op\u00e9ration<\/h2>\t\t\t\t<\/div>\n\t\t\t\t<div class=\"elementor-element elementor-element-2def5be elementor-widget elementor-widget-text-editor\" data-id=\"2def5be\" data-element_type=\"widget\" data-widget_type=\"text-editor.default\">\n\t\t\t\t\t\t\t\t\tNous s\u00e9lectionnons pour vous les meilleurs professionnels (architectes, bureaux d\u2019\u00e9tudes, entreprises de travaux, notaires, etc.) en fonction de la nature de votre projet et de vos objectifs.\t\t\t\t\t\t\t\t<\/div>\n\t\t\t\t<\/div>\n\t\t\t\t<\/div>\n\t\t\t\t<\/div>\n\t\t<div class=\"elementor-element elementor-element-1742905 e-con-full e-flex e-con e-parent\" data-id=\"1742905\" data-element_type=\"container\">\n\t\t<div class=\"elementor-element elementor-element-c738b2f e-con-full e-flex e-con e-child\" data-id=\"c738b2f\" data-element_type=\"container\">\n\t\t<div class=\"elementor-element elementor-element-73b2774 e-con-full e-flex e-con e-child\" data-id=\"73b2774\" data-element_type=\"container\">\n\t\t\t\t<div class=\"elementor-element elementor-element-2ba50d3 elementor-widget elementor-widget-heading\" data-id=\"2ba50d3\" data-element_type=\"widget\" data-widget_type=\"heading.default\">\n\t\t\t\t\t<h2 class=\"elementor-heading-title elementor-size-default\">Choix des mat\u00e9riaux<\/h2>\t\t\t\t<\/div>\n\t\t\t\t<div class=\"elementor-element elementor-element-3be7c6c elementor-widget elementor-widget-text-editor\" data-id=\"3be7c6c\" data-element_type=\"widget\" data-widget_type=\"text-editor.default\">\n\t\t\t\t\t\t\t\t\tNous vous conseillons sur les mat\u00e9riaux et les prestations adapt\u00e9es \u00e0 votre budget et aux attentes du march\u00e9, pour garantir une valorisation optimale de votre bien.\t\t\t\t\t\t\t\t<\/div>\n\t\t\t\t<\/div>\n\t\t\t\t<\/div>\n\t\t<div class=\"elementor-element elementor-element-609acce e-con-full e-flex e-con e-child\" data-id=\"609acce\" data-element_type=\"container\" data-settings=\"{&quot;background_motion_fx_scale_effect&quot;:&quot;yes&quot;,&quot;background_motion_fx_scale_direction&quot;:&quot;in-out&quot;,&quot;background_motion_fx_scale_speed&quot;:{&quot;unit&quot;:&quot;px&quot;,&quot;size&quot;:2,&quot;sizes&quot;:[]},&quot;background_motion_fx_scale_range&quot;:{&quot;unit&quot;:&quot;%&quot;,&quot;size&quot;:&quot;&quot;,&quot;sizes&quot;:{&quot;start&quot;:1,&quot;end&quot;:100}},&quot;background_motion_fx_devices&quot;:[&quot;desktop&quot;,&quot;tablet&quot;,&quot;mobile&quot;]}\">\n\t\t\t\t<div class=\"elementor-element elementor-element-8de081a elementor-widget elementor-widget-image\" data-id=\"8de081a\" data-element_type=\"widget\" data-widget_type=\"image.default\">\n\t\t\t\t\t\t\t\t\t\t\t\t\t\t\t<img loading=\"lazy\" decoding=\"async\" width=\"1707\" height=\"2560\" src=\"https:\/\/groupetrianon.fr\/wp-content\/uploads\/2025\/08\/choix-materiels-gt-scaled.jpg\" class=\"attachment-full size-full wp-image-308\" alt=\"\" srcset=\"https:\/\/groupetrianon.fr\/wp-content\/uploads\/2025\/08\/choix-materiels-gt-scaled.jpg 1707w, https:\/\/groupetrianon.fr\/wp-content\/uploads\/2025\/08\/choix-materiels-gt-200x300.jpg 200w, https:\/\/groupetrianon.fr\/wp-content\/uploads\/2025\/08\/choix-materiels-gt-683x1024.jpg 683w, https:\/\/groupetrianon.fr\/wp-content\/uploads\/2025\/08\/choix-materiels-gt-768x1152.jpg 768w, https:\/\/groupetrianon.fr\/wp-content\/uploads\/2025\/08\/choix-materiels-gt-1024x1536.jpg 1024w, https:\/\/groupetrianon.fr\/wp-content\/uploads\/2025\/08\/choix-materiels-gt-1365x2048.jpg 1365w\" sizes=\"(max-width: 1707px) 100vw, 1707px\" \/>\t\t\t\t\t\t\t\t\t\t\t\t\t\t\t<\/div>\n\t\t\t\t<\/div>\n\t\t\t\t<\/div>\n\t\t<div class=\"elementor-element elementor-element-7fbf54f e-con-full e-flex e-con e-parent\" data-id=\"7fbf54f\" data-element_type=\"container\">\n\t\t<div class=\"elementor-element elementor-element-3cf5761 e-con-full e-flex e-con e-child\" data-id=\"3cf5761\" data-element_type=\"container\" data-settings=\"{&quot;background_motion_fx_scale_effect&quot;:&quot;yes&quot;,&quot;background_motion_fx_scale_direction&quot;:&quot;in-out&quot;,&quot;background_motion_fx_scale_speed&quot;:{&quot;unit&quot;:&quot;px&quot;,&quot;size&quot;:2,&quot;sizes&quot;:[]},&quot;background_motion_fx_scale_range&quot;:{&quot;unit&quot;:&quot;%&quot;,&quot;size&quot;:&quot;&quot;,&quot;sizes&quot;:{&quot;start&quot;:1,&quot;end&quot;:100}},&quot;background_motion_fx_devices&quot;:[&quot;desktop&quot;,&quot;tablet&quot;,&quot;mobile&quot;]}\">\n\t\t\t\t<div class=\"elementor-element elementor-element-ca311f1 elementor-widget elementor-widget-image\" data-id=\"ca311f1\" data-element_type=\"widget\" data-widget_type=\"image.default\">\n\t\t\t\t\t\t\t\t\t\t\t\t\t\t\t<img loading=\"lazy\" decoding=\"async\" width=\"800\" height=\"534\" src=\"https:\/\/groupetrianon.fr\/wp-content\/uploads\/2025\/10\/suivi-de-chantier.jpg\" class=\"attachment-large size-large wp-image-755\" alt=\"\" srcset=\"https:\/\/groupetrianon.fr\/wp-content\/uploads\/2025\/10\/suivi-de-chantier.jpg 800w, https:\/\/groupetrianon.fr\/wp-content\/uploads\/2025\/10\/suivi-de-chantier-300x200.jpg 300w, https:\/\/groupetrianon.fr\/wp-content\/uploads\/2025\/10\/suivi-de-chantier-768x513.jpg 768w, https:\/\/groupetrianon.fr\/wp-content\/uploads\/2025\/10\/suivi-de-chantier-18x12.jpg 18w\" sizes=\"(max-width: 800px) 100vw, 800px\" \/>\t\t\t\t\t\t\t\t\t\t\t\t\t\t\t<\/div>\n\t\t\t\t<\/div>\n\t\t<div class=\"elementor-element elementor-element-60fa0b2 e-con-full e-flex e-con e-child\" data-id=\"60fa0b2\" data-element_type=\"container\">\n\t\t<div class=\"elementor-element elementor-element-4e4895c e-con-full e-flex e-con e-child\" data-id=\"4e4895c\" data-element_type=\"container\">\n\t\t\t\t<div class=\"elementor-element elementor-element-ae83fd0 elementor-widget elementor-widget-heading\" data-id=\"ae83fd0\" data-element_type=\"widget\" data-widget_type=\"heading.default\">\n\t\t\t\t\t<h2 class=\"elementor-heading-title elementor-size-default\">Suivi de chantier<\/h2>\t\t\t\t<\/div>\n\t\t\t\t<div class=\"elementor-element elementor-element-88b866d elementor-widget elementor-widget-text-editor\" data-id=\"88b866d\" data-element_type=\"widget\" data-widget_type=\"text-editor.default\">\n\t\t\t\t\t\t\t\t\tNous assurons la gestion et le suivi des travaux, du respect des d\u00e9lais et du budget, pour vous offrir un accompagnement cl\u00e9 en main et garantir la qualit\u00e9 de votre projet immobilier.\n\t\t\t\t\t\t\t\t<\/div>\n\t\t\t\t<\/div>\n\t\t\t\t<\/div>\n\t\t\t\t<\/div>\n\t\t<div class=\"elementor-element elementor-element-5d7b063 e-flex e-con-boxed e-con e-parent\" data-id=\"5d7b063\" data-element_type=\"container\" data-settings=\"{&quot;background_background&quot;:&quot;classic&quot;}\">\n\t\t\t\t\t<div class=\"e-con-inner\">\n\t\t<div class=\"elementor-element elementor-element-4cbbdaf e-con-full e-flex elementor-invisible e-con e-child\" data-id=\"4cbbdaf\" data-element_type=\"container\" data-settings=\"{&quot;background_background&quot;:&quot;classic&quot;,&quot;animation&quot;:&quot;fadeInRight&quot;}\">\n\t\t\t\t<div class=\"elementor-element elementor-element-bed7335 elementor-widget elementor-widget-heading\" data-id=\"bed7335\" data-element_type=\"widget\" data-widget_type=\"heading.default\">\n\t\t\t\t\t<h2 class=\"elementor-heading-title elementor-size-default\">Contactez-nous pour discuter de votre projet<\/h2>\t\t\t\t<\/div>\n\t\t<div class=\"elementor-element elementor-element-0937f49 e-con-full e-flex e-con e-child\" data-id=\"0937f49\" data-element_type=\"container\">\n\t\t\t\t<div class=\"elementor-element elementor-element-5b904f8 elementor-align-justify elementor-tablet-align-justify elementor-mobile-align-justify elementor-widget elementor-widget-button\" data-id=\"5b904f8\" data-element_type=\"widget\" data-widget_type=\"button.default\">\n\t\t\t\t\t\t\t\t\t\t<a class=\"elementor-button elementor-button-link elementor-size-sm\" href=\"tel:+33451453340\">\n\t\t\t\t\t\t<span class=\"elementor-button-content-wrapper\">\n\t\t\t\t\t\t<span class=\"elementor-button-icon\">\n\t\t\t\t<svg aria-hidden=\"true\" class=\"e-font-icon-svg e-fas-phone-alt\" viewBox=\"0 0 512 512\" xmlns=\"http:\/\/www.w3.org\/2000\/svg\"><path d=\"M497.39 361.8l-112-48a24 24 0 0 0-28 6.9l-49.6 60.6A370.66 370.66 0 0 1 130.6 204.11l60.6-49.6a23.94 23.94 0 0 0 6.9-28l-48-112A24.16 24.16 0 0 0 122.6.61l-104 24A24 24 0 0 0 0 48c0 256.5 207.9 464 464 464a24 24 0 0 0 23.4-18.6l24-104a24.29 24.29 0 0 0-14.01-27.6z\"><\/path><\/svg>\t\t\t<\/span>\n\t\t\t\t\t\t\t\t\t<span class=\"elementor-button-text\">Planifier un appel<\/span>\n\t\t\t\t\t<\/span>\n\t\t\t\t\t<\/a>\n\t\t\t\t\t\t\t\t<\/div>\n\t\t\t\t<\/div>\n\t\t<div class=\"elementor-element elementor-element-be358ff e-con-full e-flex e-con e-child\" data-id=\"be358ff\" data-element_type=\"container\">\n\t\t\t\t<div class=\"elementor-element elementor-element-507f052 elementor-align-justify elementor-tablet-align-justify elementor-mobile-align-justify elementor-widget elementor-widget-button\" data-id=\"507f052\" data-element_type=\"widget\" data-widget_type=\"button.default\">\n\t\t\t\t\t\t\t\t\t\t<a class=\"elementor-button elementor-button-link elementor-size-sm\" href=\"mailto:contact@groupetrianon.fr\">\n\t\t\t\t\t\t<span class=\"elementor-button-content-wrapper\">\n\t\t\t\t\t\t<span class=\"elementor-button-icon\">\n\t\t\t\t<svg aria-hidden=\"true\" class=\"e-font-icon-svg e-far-paper-plane\" viewBox=\"0 0 512 512\" xmlns=\"http:\/\/www.w3.org\/2000\/svg\"><path d=\"M440 6.5L24 246.4c-34.4 19.9-31.1 70.8 5.7 85.9L144 379.6V464c0 46.4 59.2 65.5 86.6 28.6l43.8-59.1 111.9 46.2c5.9 2.4 12.1 3.6 18.3 3.6 8.2 0 16.3-2.1 23.6-6.2 12.8-7.2 21.6-20 23.9-34.5l59.4-387.2c6.1-40.1-36.9-68.8-71.5-48.9zM192 464v-64.6l36.6 15.1L192 464zm212.6-28.7l-153.8-63.5L391 169.5c10.7-15.5-9.5-33.5-23.7-21.2L155.8 332.6 48 288 464 48l-59.4 387.3z\"><\/path><\/svg>\t\t\t<\/span>\n\t\t\t\t\t\t\t\t\t<span class=\"elementor-button-text\">Nous \u00e9crire<\/span>\n\t\t\t\t\t<\/span>\n\t\t\t\t\t<\/a>\n\t\t\t\t\t\t\t\t<\/div>\n\t\t\t\t<\/div>\n\t\t\t\t<\/div>\n\t\t\t\t\t<\/div>\n\t\t\t\t<\/div>\n\t\t\t\t<\/div>\n\t\t","protected":false},"excerpt":{"rendered":"<p>Accompagnement projet Nous assistons vos projets Nous accompagnons les propri\u00e9taires et investisseurs dans la valorisation de leurs biens en leur proposant des solutions sur-mesure, avec tout ou partie des missions ci-dessous\u00a0: Etude de faisabilit\u00e9 Nous analysons le potentiel de votre bien en tenant compte des aspects techniques, juridiques et financiers. Cette \u00e9tape permet de valider [&hellip;]<\/p>\n","protected":false},"author":1,"featured_media":0,"parent":0,"menu_order":0,"comment_status":"closed","ping_status":"closed","template":"","meta":{"_acf_changed":false,"footnotes":""},"class_list":["post-141","page","type-page","status-publish","hentry"],"acf":[],"_links":{"self":[{"href":"https:\/\/groupetrianon.fr\/en\/wp-json\/wp\/v2\/pages\/141","targetHints":{"allow":["GET"]}}],"collection":[{"href":"https:\/\/groupetrianon.fr\/en\/wp-json\/wp\/v2\/pages"}],"about":[{"href":"https:\/\/groupetrianon.fr\/en\/wp-json\/wp\/v2\/types\/page"}],"author":[{"embeddable":true,"href":"https:\/\/groupetrianon.fr\/en\/wp-json\/wp\/v2\/users\/1"}],"replies":[{"embeddable":true,"href":"https:\/\/groupetrianon.fr\/en\/wp-json\/wp\/v2\/comments?post=141"}],"version-history":[{"count":34,"href":"https:\/\/groupetrianon.fr\/en\/wp-json\/wp\/v2\/pages\/141\/revisions"}],"predecessor-version":[{"id":762,"href":"https:\/\/groupetrianon.fr\/en\/wp-json\/wp\/v2\/pages\/141\/revisions\/762"}],"wp:attachment":[{"href":"https:\/\/groupetrianon.fr\/en\/wp-json\/wp\/v2\/media?parent=141"}],"curies":[{"name":"wp","href":"https:\/\/api.w.org\/{rel}","templated":true}]}}