{"id":118,"date":"2025-07-09T09:32:27","date_gmt":"2025-07-09T07:32:27","guid":{"rendered":"https:\/\/groupetrianon.fr\/?page_id=118"},"modified":"2025-10-06T12:50:11","modified_gmt":"2025-10-06T10:50:11","slug":"legal-information","status":"publish","type":"page","link":"https:\/\/groupetrianon.fr\/en\/legal-information\/","title":{"rendered":"Legal information"},"content":{"rendered":"<div data-elementor-type=\"wp-page\" data-elementor-id=\"118\" class=\"elementor elementor-118\" data-elementor-post-type=\"page\">\n\t\t\t\t<div class=\"elementor-element elementor-element-7380b9c e-flex e-con-boxed e-con e-parent\" data-id=\"7380b9c\" data-element_type=\"container\">\n\t\t\t\t\t<div class=\"e-con-inner\">\n\t\t\t\t<div class=\"elementor-element elementor-element-04ff739 elementor-widget elementor-widget-text-editor\" data-id=\"04ff739\" data-element_type=\"widget\" data-widget_type=\"text-editor.default\">\n\t\t\t\t\t\t\t\t\t<h2>Legal information<\/h2><p><strong>Site publisher<\/strong><br \/>Trianon Group<br \/>SARL with share capital of \u20ac100,000<br \/>Trade register number: 942 802 174 R.C.S. Nice<br \/>VAT NUMBER: FR24942802174<br \/>6 Place Garibaldi, 06300 Nice, France<br \/>Telephone: 06 23 09 12 36<br \/>E-mail: contact@groupetrianon.fr<\/p><p><strong>Publication managers<\/strong><br \/>Robin Charles, Karl Dussolle and Fr\u00e9d\u00e9ric Latger<\/p><p><strong>Hosting<\/strong><br \/>OVH SAS<br \/>2 rue Kellermann, 59100 Roubaix, France<br \/>Website : <a href=\"https:\/\/www.ovh.com\" target=\"_blank\" rel=\"noopener\">www.ovh.com<\/a><\/p><p><strong>Intellectual property<\/strong><br \/>All content on this site (text, images, graphics, videos, logos, icons, etc.) is protected by current intellectual property laws and is the exclusive property of Groupe Trianon, unless otherwise stated. Any reproduction or use without prior authorisation is strictly prohibited.<\/p><p><strong>Liability<\/strong><br \/>The information published on this site is provided for information purposes only. Groupe Trianon makes every effort to keep it up to date, but cannot be held responsible for errors, omissions or technical problems affecting access to the site.<\/p><h2>\u00a0<\/h2><h2>Privacy policy<\/h2><p><strong>Data collection<\/strong><br \/>Personal data collected via forms (name, e-mail address, telephone number, etc.) is used strictly to respond to your requests and is never passed on to third parties without your consent.<\/p><p><strong>Use of data<\/strong><br \/>The data can be used for :<\/p><ul><li>to contact you,<\/li><li>answer your questions,<\/li><li>send you information about our projects or services,<\/li><li>improve our site and its functionalities.<\/li><\/ul><p><strong>User rights<\/strong><br \/>In accordance with the General Data Protection Regulation (GDPR), you may at any time request access to, rectification or deletion of your personal data by writing to : <a href=\"mailto:contact@groupetrianon.fr\">contact@groupetrianon.fr<\/a><\/p><h2>\u00a0<\/h2><h2>Cookie management<\/h2><p><strong>Use of cookies<\/strong><br \/>The site may use cookies to improve the user experience, measure the audience or offer content tailored to your preferences.<\/p><p><strong>Types of cookies<\/strong><\/p><ul><li>Technical and functional cookies necessary for the proper operation of the site<\/li><li>Audience measurement cookies (e.g. Google Analytics)<\/li><li>Third-party cookies linked to content integration (videos, social networks, etc.)<\/li><\/ul><p><strong>Consent<\/strong><br \/>On your first visit, a banner will inform you of the use of cookies. You can manage your preferences at any time via your browser settings.<\/p><p><strong>Deactivation<\/strong><br \/>You can refuse or deactivate cookies in your browser settings. However, some of the site's functions may not work properly.<\/p>\t\t\t\t\t\t\t\t<\/div>\n\t\t\t\t\t<\/div>\n\t\t\t\t<\/div>\n\t\t\t\t<\/div>","protected":false},"excerpt":{"rendered":"<p>Mentions l\u00e9gales \u00c9diteur du siteGroupe TrianonSARL au capital social de 100 000 \u20acRCS : 942 802 174 R.C.S. NiceN\u00b0 TVA : FR249428021746 Place Garibaldi, 06300 Nice, FranceT\u00e9l\u00e9phone : 06 23 09 12 36E-mail : contact@groupetrianon.fr Directeurs de la publicationRobin Charles, Karl Dussolle et Fr\u00e9d\u00e9ric Latger H\u00e9bergementOVH SAS2 rue Kellermann, 59100 Roubaix, FranceSite web : www.ovh.com [&hellip;]<\/p>\n","protected":false},"author":1,"featured_media":0,"parent":0,"menu_order":0,"comment_status":"closed","ping_status":"closed","template":"","meta":{"_acf_changed":false,"footnotes":""},"class_list":["post-118","page","type-page","status-publish","hentry"],"acf":[],"_links":{"self":[{"href":"https:\/\/groupetrianon.fr\/en\/wp-json\/wp\/v2\/pages\/118","targetHints":{"allow":["GET"]}}],"collection":[{"href":"https:\/\/groupetrianon.fr\/en\/wp-json\/wp\/v2\/pages"}],"about":[{"href":"https:\/\/groupetrianon.fr\/en\/wp-json\/wp\/v2\/types\/page"}],"author":[{"embeddable":true,"href":"https:\/\/groupetrianon.fr\/en\/wp-json\/wp\/v2\/users\/1"}],"replies":[{"embeddable":true,"href":"https:\/\/groupetrianon.fr\/en\/wp-json\/wp\/v2\/comments?post=118"}],"version-history":[{"count":10,"href":"https:\/\/groupetrianon.fr\/en\/wp-json\/wp\/v2\/pages\/118\/revisions"}],"predecessor-version":[{"id":676,"href":"https:\/\/groupetrianon.fr\/en\/wp-json\/wp\/v2\/pages\/118\/revisions\/676"}],"wp:attachment":[{"href":"https:\/\/groupetrianon.fr\/en\/wp-json\/wp\/v2\/media?parent=118"}],"curies":[{"name":"wp","href":"https:\/\/api.w.org\/{rel}","templated":true}]}}