{"id":113,"date":"2025-07-15T15:19:22","date_gmt":"2025-07-15T13:19:22","guid":{"rendered":"https:\/\/groupetrianon.fr\/?page_id=113"},"modified":"2025-10-16T12:13:32","modified_gmt":"2025-10-16T10:13:32","slug":"team","status":"publish","type":"page","link":"https:\/\/groupetrianon.fr\/en\/team\/","title":{"rendered":"Team"},"content":{"rendered":"<div data-elementor-type=\"wp-page\" data-elementor-id=\"113\" class=\"elementor elementor-113\" data-elementor-post-type=\"page\">\n\t\t\t\t<div class=\"elementor-element elementor-element-cb5b8fc e-flex e-con-boxed e-con e-parent\" data-id=\"cb5b8fc\" data-element_type=\"container\">\n\t\t\t\t\t<div class=\"e-con-inner\">\n\t\t\t\t<div class=\"elementor-element elementor-element-8571558 elementor-widget elementor-widget-heading\" data-id=\"8571558\" data-element_type=\"widget\" data-widget_type=\"heading.default\">\n\t\t\t\t\t<h1 class=\"elementor-heading-title elementor-size-default\">The team<\/h1>\t\t\t\t<\/div>\n\t\t\t\t\t<\/div>\n\t\t\t\t<\/div>\n\t\t<div class=\"elementor-element elementor-element-ee9be43 e-flex e-con-boxed e-con e-parent\" data-id=\"ee9be43\" data-element_type=\"container\">\n\t\t\t\t\t<div class=\"e-con-inner\">\n\t\t<div class=\"elementor-element elementor-element-298e15b e-con-full e-flex e-con e-child\" data-id=\"298e15b\" data-element_type=\"container\">\n\t\t<div class=\"elementor-element elementor-element-a2117e2 e-con-full e-flex e-con e-child\" data-id=\"a2117e2\" data-element_type=\"container\">\n\t\t\t\t<div class=\"elementor-element elementor-element-14dcc4c elementor-widget elementor-widget-image\" data-id=\"14dcc4c\" data-element_type=\"widget\" data-widget_type=\"image.default\">\n\t\t\t\t\t\t\t\t\t\t\t\t\t\t\t<img fetchpriority=\"high\" decoding=\"async\" width=\"800\" height=\"800\" src=\"https:\/\/groupetrianon.fr\/wp-content\/uploads\/2025\/10\/Robin-Charles-Groupe-Trianon-4-1024x1024.jpg\" class=\"attachment-large size-large wp-image-812\" alt=\"\" srcset=\"https:\/\/groupetrianon.fr\/wp-content\/uploads\/2025\/10\/Robin-Charles-Groupe-Trianon-4-1024x1024.jpg 1024w, https:\/\/groupetrianon.fr\/wp-content\/uploads\/2025\/10\/Robin-Charles-Groupe-Trianon-4-300x300.jpg 300w, https:\/\/groupetrianon.fr\/wp-content\/uploads\/2025\/10\/Robin-Charles-Groupe-Trianon-4-150x150.jpg 150w, https:\/\/groupetrianon.fr\/wp-content\/uploads\/2025\/10\/Robin-Charles-Groupe-Trianon-4-768x768.jpg 768w, https:\/\/groupetrianon.fr\/wp-content\/uploads\/2025\/10\/Robin-Charles-Groupe-Trianon-4-1536x1536.jpg 1536w, https:\/\/groupetrianon.fr\/wp-content\/uploads\/2025\/10\/Robin-Charles-Groupe-Trianon-4-12x12.jpg 12w, https:\/\/groupetrianon.fr\/wp-content\/uploads\/2025\/10\/Robin-Charles-Groupe-Trianon-4.jpg 2000w\" sizes=\"(max-width: 800px) 100vw, 800px\" \/>\t\t\t\t\t\t\t\t\t\t\t\t\t\t\t<\/div>\n\t\t\t\t<\/div>\n\t\t<div class=\"elementor-element elementor-element-85e8148 e-con-full e-flex e-con e-child\" data-id=\"85e8148\" data-element_type=\"container\">\n\t\t\t\t<div class=\"elementor-element elementor-element-6783efa elementor-widget elementor-widget-heading\" data-id=\"6783efa\" data-element_type=\"widget\" data-widget_type=\"heading.default\">\n\t\t\t\t\t<h2 class=\"elementor-heading-title elementor-size-default\">Robin Charles<\/h2>\t\t\t\t<\/div>\n\t\t\t\t<div class=\"elementor-element elementor-element-7342eb2 elementor-view-default elementor-widget elementor-widget-icon\" data-id=\"7342eb2\" data-element_type=\"widget\" data-widget_type=\"icon.default\">\n\t\t\t\t\t\t\t<div class=\"elementor-icon-wrapper\">\n\t\t\t<a class=\"elementor-icon\" href=\"https:\/\/www.linkedin.com\/in\/robincharles-v4\/\" target=\"_blank\" rel=\"noopener\">\n\t\t\t<svg aria-hidden=\"true\" class=\"e-font-icon-svg e-fab-linkedin\" viewbox=\"0 0 448 512\" xmlns=\"http:\/\/www.w3.org\/2000\/svg\"><path d=\"M416 32H31.9C14.3 32 0 46.5 0 64.3v383.4C0 465.5 14.3 480 31.9 480H416c17.6 0 32-14.5 32-32.3V64.3c0-17.8-14.4-32.3-32-32.3zM135.4 416H69V202.2h66.5V416zm-33.2-243c-21.3 0-38.5-17.3-38.5-38.5S80.9 96 102.2 96c21.2 0 38.5 17.3 38.5 38.5 0 21.3-17.2 38.5-38.5 38.5zm282.1 243h-66.4V312c0-24.8-.5-56.7-34.5-56.7-34.6 0-39.9 27-39.9 54.9V416h-66.4V202.2h63.7v29.2h.9c8.9-16.8 30.6-34.5 62.9-34.5 67.2 0 79.7 44.3 79.7 101.9V416z\"><\/path><\/svg>\t\t\t<\/a>\n\t\t<\/div>\n\t\t\t\t\t\t<\/div>\n\t\t\t\t<\/div>\n\t\t<div class=\"elementor-element elementor-element-fe63e6e e-con-full e-flex e-con e-child\" data-id=\"fe63e6e\" data-element_type=\"container\">\n\t\t\t\t<div class=\"elementor-element elementor-element-f713156 elementor-widget elementor-widget-text-editor\" data-id=\"f713156\" data-element_type=\"widget\" data-widget_type=\"text-editor.default\">\n\t\t\t\t\t\t\t\t\t<p>A graduate of ESPI Paris and a Manager in Property Development and Promotion, Robin has a global vision of property project development. His expertise covers every stage: analysing opportunities, arranging finance, monitoring work and marketing, guaranteeing the success and added value of each project.<\/p><p>After managing a number of real estate projects, he has specialised in upmarket property, where his technical expertise and mastery of works enable him to carry out controlled renovations. His approach combines exacting architectural standards with operational know-how to bring out the full potential of the properties he selects.<\/p>\t\t\t\t\t\t\t\t<\/div>\n\t\t\t\t<\/div>\n\t\t\t\t<\/div>\n\t\t<div class=\"elementor-element elementor-element-9bcfcb1 e-con-full e-flex e-con e-child\" data-id=\"9bcfcb1\" data-element_type=\"container\">\n\t\t<div class=\"elementor-element elementor-element-4c21562 e-con-full e-flex e-con e-child\" data-id=\"4c21562\" data-element_type=\"container\">\n\t\t\t\t<div class=\"elementor-element elementor-element-59552b1 elementor-widget elementor-widget-image\" data-id=\"59552b1\" data-element_type=\"widget\" data-widget_type=\"image.default\">\n\t\t\t\t\t\t\t\t\t\t\t\t\t\t\t<img decoding=\"async\" width=\"800\" height=\"800\" src=\"https:\/\/groupetrianon.fr\/wp-content\/uploads\/2025\/10\/Karl-Dusolle-Groupe-Trianon-1024x1024.jpg\" class=\"attachment-large size-large wp-image-783\" alt=\"\" srcset=\"https:\/\/groupetrianon.fr\/wp-content\/uploads\/2025\/10\/Karl-Dusolle-Groupe-Trianon-1024x1024.jpg 1024w, https:\/\/groupetrianon.fr\/wp-content\/uploads\/2025\/10\/Karl-Dusolle-Groupe-Trianon-300x300.jpg 300w, https:\/\/groupetrianon.fr\/wp-content\/uploads\/2025\/10\/Karl-Dusolle-Groupe-Trianon-150x150.jpg 150w, https:\/\/groupetrianon.fr\/wp-content\/uploads\/2025\/10\/Karl-Dusolle-Groupe-Trianon-768x768.jpg 768w, https:\/\/groupetrianon.fr\/wp-content\/uploads\/2025\/10\/Karl-Dusolle-Groupe-Trianon-1536x1536.jpg 1536w, https:\/\/groupetrianon.fr\/wp-content\/uploads\/2025\/10\/Karl-Dusolle-Groupe-Trianon-12x12.jpg 12w, https:\/\/groupetrianon.fr\/wp-content\/uploads\/2025\/10\/Karl-Dusolle-Groupe-Trianon.jpg 2000w\" sizes=\"(max-width: 800px) 100vw, 800px\" \/>\t\t\t\t\t\t\t\t\t\t\t\t\t\t\t<\/div>\n\t\t\t\t<\/div>\n\t\t<div class=\"elementor-element elementor-element-6fcd8ef e-con-full e-flex e-con e-child\" data-id=\"6fcd8ef\" data-element_type=\"container\">\n\t\t\t\t<div class=\"elementor-element elementor-element-653d4c5 elementor-widget elementor-widget-heading\" data-id=\"653d4c5\" data-element_type=\"widget\" data-widget_type=\"heading.default\">\n\t\t\t\t\t<h2 class=\"elementor-heading-title elementor-size-default\">Karl Dussolle<\/h2>\t\t\t\t<\/div>\n\t\t\t\t<div class=\"elementor-element elementor-element-faf8bf7 elementor-view-default elementor-widget elementor-widget-icon\" data-id=\"faf8bf7\" data-element_type=\"widget\" data-widget_type=\"icon.default\">\n\t\t\t\t\t\t\t<div class=\"elementor-icon-wrapper\">\n\t\t\t<a class=\"elementor-icon\" href=\"https:\/\/www.linkedin.com\/in\/karl-dussolle-42029754\/\" target=\"_blank\" rel=\"noopener\">\n\t\t\t<svg aria-hidden=\"true\" class=\"e-font-icon-svg e-fab-linkedin\" viewbox=\"0 0 448 512\" xmlns=\"http:\/\/www.w3.org\/2000\/svg\"><path d=\"M416 32H31.9C14.3 32 0 46.5 0 64.3v383.4C0 465.5 14.3 480 31.9 480H416c17.6 0 32-14.5 32-32.3V64.3c0-17.8-14.4-32.3-32-32.3zM135.4 416H69V202.2h66.5V416zm-33.2-243c-21.3 0-38.5-17.3-38.5-38.5S80.9 96 102.2 96c21.2 0 38.5 17.3 38.5 38.5 0 21.3-17.2 38.5-38.5 38.5zm282.1 243h-66.4V312c0-24.8-.5-56.7-34.5-56.7-34.6 0-39.9 27-39.9 54.9V416h-66.4V202.2h63.7v29.2h.9c8.9-16.8 30.6-34.5 62.9-34.5 67.2 0 79.7 44.3 79.7 101.9V416z\"><\/path><\/svg>\t\t\t<\/a>\n\t\t<\/div>\n\t\t\t\t\t\t<\/div>\n\t\t\t\t<\/div>\n\t\t<div class=\"elementor-element elementor-element-6efb3da e-con-full e-flex e-con e-child\" data-id=\"6efb3da\" data-element_type=\"container\">\n\t\t\t\t<div class=\"elementor-element elementor-element-9e8dce3 elementor-widget elementor-widget-text-editor\" data-id=\"9e8dce3\" data-element_type=\"widget\" data-widget_type=\"text-editor.default\">\n\t\t\t\t\t\t\t\t\t<p>Karl holds a Master's degree in Urban Planning and spent over ten years working for major national property development groups in Paris and Nice, where he managed the development of a number of large-scale projects.<\/p><p>Drawing on this experience, he has gradually focused his activities on exclusive projects, centred on prime locations and a top-of-the-range approach to property redevelopment. Convinced that the value of a property lies as much in its location as in the quality of its transformation, his approach combines land strategy, market awareness and attention to detail to create projects with a strong identity, in keeping with the local heritage.<\/p>\t\t\t\t\t\t\t\t<\/div>\n\t\t\t\t<\/div>\n\t\t\t\t<\/div>\n\t\t<div class=\"elementor-element elementor-element-4b8a8ee e-con-full e-flex e-con e-child\" data-id=\"4b8a8ee\" data-element_type=\"container\">\n\t\t<div class=\"elementor-element elementor-element-f89f067 e-con-full e-flex e-con e-child\" data-id=\"f89f067\" data-element_type=\"container\">\n\t\t\t\t<div class=\"elementor-element elementor-element-a8befc3 elementor-widget elementor-widget-image\" data-id=\"a8befc3\" data-element_type=\"widget\" data-widget_type=\"image.default\">\n\t\t\t\t\t\t\t\t\t\t\t\t\t\t\t<img decoding=\"async\" width=\"800\" height=\"800\" src=\"https:\/\/groupetrianon.fr\/wp-content\/uploads\/2025\/10\/Fred-Latger-Groupe-Trianon-1024x1024.jpg\" class=\"attachment-large size-large wp-image-784\" alt=\"\" srcset=\"https:\/\/groupetrianon.fr\/wp-content\/uploads\/2025\/10\/Fred-Latger-Groupe-Trianon-1024x1024.jpg 1024w, https:\/\/groupetrianon.fr\/wp-content\/uploads\/2025\/10\/Fred-Latger-Groupe-Trianon-300x300.jpg 300w, https:\/\/groupetrianon.fr\/wp-content\/uploads\/2025\/10\/Fred-Latger-Groupe-Trianon-150x150.jpg 150w, https:\/\/groupetrianon.fr\/wp-content\/uploads\/2025\/10\/Fred-Latger-Groupe-Trianon-768x768.jpg 768w, https:\/\/groupetrianon.fr\/wp-content\/uploads\/2025\/10\/Fred-Latger-Groupe-Trianon-1536x1536.jpg 1536w, https:\/\/groupetrianon.fr\/wp-content\/uploads\/2025\/10\/Fred-Latger-Groupe-Trianon-12x12.jpg 12w, https:\/\/groupetrianon.fr\/wp-content\/uploads\/2025\/10\/Fred-Latger-Groupe-Trianon.jpg 2000w\" sizes=\"(max-width: 800px) 100vw, 800px\" \/>\t\t\t\t\t\t\t\t\t\t\t\t\t\t\t<\/div>\n\t\t\t\t<\/div>\n\t\t<div class=\"elementor-element elementor-element-84d1aba e-con-full e-flex e-con e-child\" data-id=\"84d1aba\" data-element_type=\"container\">\n\t\t\t\t<div class=\"elementor-element elementor-element-041e3c4 elementor-widget elementor-widget-heading\" data-id=\"041e3c4\" data-element_type=\"widget\" data-widget_type=\"heading.default\">\n\t\t\t\t\t<h2 class=\"elementor-heading-title elementor-size-default\">Fr\u00e9d\u00e9ric Latger<\/h2>\t\t\t\t<\/div>\n\t\t\t\t<div class=\"elementor-element elementor-element-4df6e1e elementor-view-default elementor-widget elementor-widget-icon\" data-id=\"4df6e1e\" data-element_type=\"widget\" data-widget_type=\"icon.default\">\n\t\t\t\t\t\t\t<div class=\"elementor-icon-wrapper\">\n\t\t\t<a class=\"elementor-icon\" href=\"https:\/\/www.linkedin.com\/in\/fr%C3%A9d%C3%A9ric-latger-7661aa119\/\" target=\"_blank\" rel=\"noopener\">\n\t\t\t<svg aria-hidden=\"true\" class=\"e-font-icon-svg e-fab-linkedin\" viewbox=\"0 0 448 512\" xmlns=\"http:\/\/www.w3.org\/2000\/svg\"><path d=\"M416 32H31.9C14.3 32 0 46.5 0 64.3v383.4C0 465.5 14.3 480 31.9 480H416c17.6 0 32-14.5 32-32.3V64.3c0-17.8-14.4-32.3-32-32.3zM135.4 416H69V202.2h66.5V416zm-33.2-243c-21.3 0-38.5-17.3-38.5-38.5S80.9 96 102.2 96c21.2 0 38.5 17.3 38.5 38.5 0 21.3-17.2 38.5-38.5 38.5zm282.1 243h-66.4V312c0-24.8-.5-56.7-34.5-56.7-34.6 0-39.9 27-39.9 54.9V416h-66.4V202.2h63.7v29.2h.9c8.9-16.8 30.6-34.5 62.9-34.5 67.2 0 79.7 44.3 79.7 101.9V416z\"><\/path><\/svg>\t\t\t<\/a>\n\t\t<\/div>\n\t\t\t\t\t\t<\/div>\n\t\t\t\t<\/div>\n\t\t<div class=\"elementor-element elementor-element-03d4ab3 e-con-full e-flex e-con e-child\" data-id=\"03d4ab3\" data-element_type=\"container\">\n\t\t\t\t<div class=\"elementor-element elementor-element-1459825 elementor-widget elementor-widget-text-editor\" data-id=\"1459825\" data-element_type=\"widget\" data-widget_type=\"text-editor.default\">\n\t\t\t\t\t\t\t\t\t<p>An engineer by training, with degrees in France and the UK, Fr\u00e9d\u00e9ric spent more than 15 years at Airbus, between research, international management and financial functions. His career has taken him to work in Europe and the United States, in demanding and complex sectors.<\/p><p>Having settled on the C\u00f4te d'Azur, he chose to redirect his expertise towards real estate, with a passion for renovating old properties and respecting Mediterranean architecture.<\/p><p>Fr\u00e9d\u00e9ric brings to Groupe Trianon a rigorous approach to execution, an aesthetic sensitivity and a capacity for cross-disciplinary analysis.<\/p>\t\t\t\t\t\t\t\t<\/div>\n\t\t\t\t<\/div>\n\t\t\t\t<\/div>\n\t\t\t\t\t<\/div>\n\t\t\t\t<\/div>\n\t\t\t\t<\/div>","protected":false},"excerpt":{"rendered":"<p>L&rsquo;\u00e9quipe Robin Charles Dipl\u00f4m\u00e9 de l\u2019ESPI Paris, Manager en Am\u00e9nagement et Promotion Immobili\u00e8re, Robin poss\u00e8de une vision globale du d\u00e9veloppement de projets immobiliers, son expertise couvre chaque \u00e9tape\u00a0: analyse d\u2019opportunit\u00e9s, montage financier, suivi des travaux et commercialisation, garantissant ainsi la r\u00e9ussite et la valorisation de chaque op\u00e9ration. Apr\u00e8s avoir pilot\u00e9 de nombreuses op\u00e9rations immobili\u00e8res, il [&hellip;]<\/p>\n","protected":false},"author":1,"featured_media":0,"parent":0,"menu_order":0,"comment_status":"closed","ping_status":"closed","template":"","meta":{"_acf_changed":false,"footnotes":""},"class_list":["post-113","page","type-page","status-publish","hentry"],"acf":[],"_links":{"self":[{"href":"https:\/\/groupetrianon.fr\/en\/wp-json\/wp\/v2\/pages\/113","targetHints":{"allow":["GET"]}}],"collection":[{"href":"https:\/\/groupetrianon.fr\/en\/wp-json\/wp\/v2\/pages"}],"about":[{"href":"https:\/\/groupetrianon.fr\/en\/wp-json\/wp\/v2\/types\/page"}],"author":[{"embeddable":true,"href":"https:\/\/groupetrianon.fr\/en\/wp-json\/wp\/v2\/users\/1"}],"replies":[{"embeddable":true,"href":"https:\/\/groupetrianon.fr\/en\/wp-json\/wp\/v2\/comments?post=113"}],"version-history":[{"count":55,"href":"https:\/\/groupetrianon.fr\/en\/wp-json\/wp\/v2\/pages\/113\/revisions"}],"predecessor-version":[{"id":815,"href":"https:\/\/groupetrianon.fr\/en\/wp-json\/wp\/v2\/pages\/113\/revisions\/815"}],"wp:attachment":[{"href":"https:\/\/groupetrianon.fr\/en\/wp-json\/wp\/v2\/media?parent=113"}],"curies":[{"name":"wp","href":"https:\/\/api.w.org\/{rel}","templated":true}]}}